{"id":138,"date":"2018-05-30T11:09:11","date_gmt":"2018-05-30T11:09:11","guid":{"rendered":"http:\/\/dancexcasper\/?page_id=138"},"modified":"2025-10-14T20:57:23","modified_gmt":"2025-10-14T20:57:23","slug":"hjch-happy-shepherds-dance","status":"publish","type":"page","link":"https:\/\/dancingonfire.hu\/en\/rolunk\/maros-gergely\/hjch-happy-shepherds-dance\/","title":{"rendered":"HJCH Happy Shepherds Dance"},"content":{"rendered":"<table class=\"noborder\">\n<tbody>\n<tr>\n<td style=\"width: 50%;\" valign=\"top\"><a href=\"http:\/\/dancingonfire.hu\/wp-content\/uploads\/2019\/11\/20190922-122654-B76I2181.jpg\"><img loading=\"lazy\" decoding=\"async\" class=\"alignnone wp-image-1629\" src=\"http:\/\/dancingonfire.hu\/wp-content\/uploads\/2019\/11\/20190922-122654-B76I2181.jpg\" alt=\"\" width=\"851\" height=\"567\" \/><\/a><\/td>\n<td style=\"padding: 0px 20px; width: 50%;\" valign=\"top\">\n<h3>Basic Data:<\/h3>\n<p>Date of birth: 07\/12\/2014<br \/>\nBreed: Shetland Sheepdog<br \/>\nSex: Female<br \/>\nColor: Tricolor<br \/>\nHeight: 35,5 cm<br \/>\nOwner: Gergely Maros<br \/>\nAgility: A3<\/p>\n<p>First EO-AWC tryouts: 2019<br \/>\nMember of Hungaian Agility Team:<br \/>\nEO 2019, AWC 2019 (team &#038; individual)<br \/>\nEO 2022 (withdraws due to handlers injury)<br \/>\nAWC 2022 (team )<br \/>\nEO 2023, AWC 2023 (team)<\/p>\n<p>Vice National Champion in team 2017, 2018<br \/>\nChampion of Hungarian Republic 2019 (individual and team too)<br \/>\n3rd place at National Championship 2020<br \/>\nVice Champion at National Championship 2021 Team National Champion 2021<br \/>\nVice World Champion in team 2022<br \/>\nVice European Open Champion in team 2023<br \/>\n2nd Vice National Champion in Team 2023<\/p>\n<h3>Health tests:<\/h3>\n<p>CEA DNA normal (by parents),<br \/>\nMDR1 +\/+, HD-A,<br \/>\nPRA \/ Cataracta free 2017<\/p>\n<h3>Facebook:<\/h3>\n<p><a href=\"https:\/\/www.facebook.com\/HappyShepherdsDance\/\" target=\"_blank\" rel=\"noopener noreferrer\">https:\/\/www.facebook.com\/HappyShepherdsDance\/<\/a><\/p>\n<h3>Videos:<\/h3>\n<p><a href=\"https:\/\/www.youtube.com\/playlist?list=PL_WBReP_143h5VgZ-b4JpWMBTrEFThaTe\" target=\"_blank\" rel=\"noopener noreferrer\">\u00a0Youtube channel<\/a><\/td>\n<\/tr>\n<tr>\n<td style=\"width: 100%;\" colspan=\"2\" valign=\"top\">\n<h3>Show and other results:<\/h3>\n<ul>\n<li style=\"list-style-type: none;\">\n<ul>\n<li>04\/10\/2015 Portelek, Herding instinct test<\/li>\n<li>10\/10\/2015 CACIB Kom\u00e1rom, Excellent1, Junior Winner, Judge: Krisztina L\u00e1szl\u00f3 (HU)<\/li>\n<li>11\/10\/2015\u00a0CACIB Kom\u00e1rom, Excellent1, Junior Winner, Derby Winner, Best Derby\u00a0Winner, Judge:\u00a0Dr.Martin K\u00f6nig (CH)<\/li>\n<li>07\/04\/2016\u00a0Szerencs CAC &#8211; HFGY, BOB, HPJ, Judge: S\u00e1ndor Szab\u00f3<\/li>\n<li>21\/07\/2016\u00a0Hung\u00e1ria Junior Champion<\/li>\n<li>18\/02\/2017 AAPKK Clubshow Clubwinner, BOB<\/li>\n<\/ul>\n<\/li>\n<\/ul>\n<h3>About me<\/h3>\n<p>I was born in a litter of 4 but 3 of us did it. I was the biggest terrorist in the kennel. I always want to play my bother and sister!<\/p>\n<p>After 7 weeks my owners come to me. After a long trip to my new home, I was a bit calmer while on the trip I needed 100% of attention and interaction \ud83d\ude42<\/p>\n<p>I wasn&#8217;t the first dog of my owners, so they know what to do with me and I have the best young years as possible.<\/p>\n<p>My favorite activity is agility of course but I really enjoy my first litter too. I love my puppies and my owners say, I was a really good mother!<\/p>\n<p>I&#8217;m an energy bomb when we do some sports but I can chill if I have to chill \ud83d\ude42<\/td>\n<\/tr>\n<\/tbody>\n<\/table>\n<p>&nbsp;<\/p>\n<p>&nbsp;<\/p>\n","protected":false},"excerpt":{"rendered":"<p>Basic Data: Date of birth: 07\/12\/2014 Breed: Shetland Sheepdog Sex: Female Color: Tricolor Height: 35,5 cm Owner: Gergely Maros Agility: A3 First EO-AWC tryouts: 2019 Member of Hungaian Agility Team: EO 2019, AWC 2019 (team &#038; individual) EO 2022 (withdraws due to handlers injury) AWC 2022 (team ) EO 2023, AWC 2023 (team) Vice National &hellip; <a href=\"https:\/\/dancingonfire.hu\/en\/rolunk\/maros-gergely\/hjch-happy-shepherds-dance\/\" class=\"more-link\">Continue reading<span class=\"screen-reader-text\"> &#8220;HJCH Happy Shepherds Dance&#8221;<\/span><\/a><\/p>\n","protected":false},"author":1,"featured_media":0,"parent":113,"menu_order":0,"comment_status":"closed","ping_status":"closed","template":"","meta":{"footnotes":""},"_links":{"self":[{"href":"https:\/\/dancingonfire.hu\/en\/wp-json\/wp\/v2\/pages\/138"}],"collection":[{"href":"https:\/\/dancingonfire.hu\/en\/wp-json\/wp\/v2\/pages"}],"about":[{"href":"https:\/\/dancingonfire.hu\/en\/wp-json\/wp\/v2\/types\/page"}],"author":[{"embeddable":true,"href":"https:\/\/dancingonfire.hu\/en\/wp-json\/wp\/v2\/users\/1"}],"replies":[{"embeddable":true,"href":"https:\/\/dancingonfire.hu\/en\/wp-json\/wp\/v2\/comments?post=138"}],"version-history":[{"count":78,"href":"https:\/\/dancingonfire.hu\/en\/wp-json\/wp\/v2\/pages\/138\/revisions"}],"predecessor-version":[{"id":5098,"href":"https:\/\/dancingonfire.hu\/en\/wp-json\/wp\/v2\/pages\/138\/revisions\/5098"}],"up":[{"embeddable":true,"href":"https:\/\/dancingonfire.hu\/en\/wp-json\/wp\/v2\/pages\/113"}],"wp:attachment":[{"href":"https:\/\/dancingonfire.hu\/en\/wp-json\/wp\/v2\/media?parent=138"}],"curies":[{"name":"wp","href":"https:\/\/api.w.org\/{rel}","templated":true}]}}